{"id":1418,"date":"2020-02-06T12:35:47","date_gmt":"2020-02-06T18:35:47","guid":{"rendered":"http:\/\/www.ambulante.org\/?page_id=1418"},"modified":"2023-05-22T14:01:58","modified_gmt":"2023-05-22T19:01:58","slug":"prensa","status":"publish","type":"page","link":"http:\/\/137.184.87.148\/en\/prensa\/","title":{"rendered":"Press"},"content":{"rendered":"<p><\/p>\n<div class=\"\" data-block=\"true\" data-editor=\"egq7q\" data-offset-key=\"378v6-0-0\"><\/div>\n<div class=\"\" data-block=\"true\" data-editor=\"egq7q\" data-offset-key=\"378v6-0-0\">\n<div class=\"_1mf _1mj\" data-offset-key=\"378v6-0-0\"><span data-offset-key=\"378v6-0-0\">**Friends from press and media,<\/span><\/div>\n<\/div>\n<div class=\"\" data-block=\"true\" data-editor=\"egq7q\" data-offset-key=\"bivn7-0-0\">\n<div class=\"_1mf _1mj\" data-offset-key=\"bivn7-0-0\"><span data-offset-key=\"bivn7-0-0\">All the material for download on this section is in Spanish. If you need a specific material in English, please contact us at prensa@ambulante.org<\/span><\/div>\n<\/div>\n<div class=\"\" data-block=\"true\" data-editor=\"egq7q\" data-offset-key=\"8el0s-0-0\">\n<div class=\"_1mf _1mj\" data-offset-key=\"8el0s-0-0\"><span data-offset-key=\"8el0s-0-0\">Thank you<\/span><\/div>\n<\/div>\n<h3 class=\"acordeon\">General Information<\/h3>\n<p><strong>Head of Communications<\/strong><br \/>\nClaudia Lizardo \/ cla@ambulante.org<br \/>\n<strong>Head of Press<\/strong><br \/>\nIcunacury Acosta \/ prensa@ambulante.org<\/p>\n<h3><\/h3>\n<h3 class=\"acordeon\">Ambulante 2021<\/h3>\n<p><a href=\"http:\/\/137.184.87.148\/wp-content\/uploads\/2021\/02\/BOLETI\u0301N-Ambulante-presenta-Afrovisiones-DEF.pdf\">Press release <em>Afrovisiones<\/em><\/a><\/p>\n<p><a href=\"http:\/\/137.184.87.148\/wp-content\/uploads\/2021\/05\/BOLETI\u0301N-Ambulante-proyecta-La-Vocera-para-el-8M.pdf\">Press release <strong><em>La Vocera<\/em><\/strong><\/a><\/p>\n<p><a href=\"http:\/\/137.184.87.148\/wp-content\/uploads\/2021\/05\/Boleti\u0301n-Ambulante-y-Netflix-presentan-el-Fondo-Miradas.pdf\">Press release Fondo Miradas<\/a><\/p>\n<p><a href=\"http:\/\/137.184.87.148\/wp-content\/uploads\/2021\/05\/BOLETI\u0301N-Ambulante-presenta-Rastros-y-luces-DEF.pdf\">Press release Rastros y Luces: Historias contra la desaparici\u00f3n<\/a><\/p>\n<ul>\n<li><a href=\"http:\/\/137.184.87.148\/wp-content\/uploads\/2021\/06\/BOLETI\u0301N-Ambulante-presenta-Volverte-a-ver.pdf\">Press release <strong><em>To see you again<\/em><\/strong><\/a><\/li>\n<li><a href=\"http:\/\/137.184.87.148\/wp-content\/uploads\/2021\/06\/BOLETI\u0301N-Ambulante-presenta-No-sucumbio\u0301-la-eternidad.pdf\">Bolet\u00edn de prensa <em><strong>Eternity Never Surrendered<\/strong><\/em><\/a><\/li>\n<li><a href=\"http:\/\/137.184.87.148\/wp-content\/uploads\/2021\/08\/BOLETI\u0301N-Ambulante-presenta-documentales-de-Tatiana-Huezo-para-hablar-sobre-desaparicio\u0301n-forzada.pdf\">Bolet\u00edn de prensa <strong><em>Tempestad and\u00a0Absences<\/em><\/strong><\/a><\/li>\n<li><a href=\"http:\/\/137.184.87.148\/wp-content\/uploads\/2021\/08\/Boleti\u0301n_Ambulante-estrena-documental-sobre-Las-Rastreadoras-de-El-Fuerte-.pdf\">Bolet\u00edn de prensa <strong><em>I called for you in silence<\/em><\/strong><\/a><\/li>\n<li><a href=\"http:\/\/137.184.87.148\/wp-content\/uploads\/2021\/09\/Boleti\u0301n_-Ambulante-da-cierre-a-su-ma\u0301s-reciente-campan\u0303a-con-_Vivos_-y-_Expiatorio_.-DEF.pdf\">Bolet\u00edn de prensa <em><strong>Vivos and\u00a0Scapegoat<\/strong><\/em><\/a><\/li>\n<\/ul>\n<p><a href=\"http:\/\/137.184.87.148\/wp-content\/uploads\/2021\/08\/Boleti\u0301n_-Llega-a-libreri\u0301as-Eugenio-Polgovsky_-La-poe\u0301tica-de-lo-real.pdf\">Press release Eugenio Polgovsky: poetics of the real<\/a><\/p>\n<p><a href=\"http:\/\/137.184.87.148\/wp-content\/uploads\/2021\/08\/Boleti\u0301n_-Llega-a-libreri\u0301as-Eugenio-Polgovsky_-La-poe\u0301tica-de-lo-real.pdf\">Press release: \u00a1Ambulante Film Festival 2021!<\/a><\/p>\n<p><strong>Public statement to the film community<\/strong><\/p>\n<p><a href=\"http:\/\/137.184.87.148\/wp-content\/uploads\/2020\/08\/Pronunciamiento_AMBULANTE_20200820.pdf\">Public statement<\/a><\/p>\n<h3 class=\"acordeon\">Results Report<\/h3>\n<p><a href=\"http:\/\/137.184.87.148\/wp-content\/uploads\/2019\/06\/Reporte_2019_digital.pdf\">Report Ambulante Film Festival 2019<\/a><br \/>\n<a href=\"http:\/\/137.184.87.148\/wp-content\/uploads\/2018\/08\/REPORTE-2018_FINAL.pdf\">Report Ambulante Film Festival\u00a02018<\/a><br \/>\n<a href=\"http:\/\/137.184.87.148\/wp-content\/uploads\/2019\/12\/onesheet-2018_eng.pdf\">One Sheet 2018<\/a><br \/>\n<a href=\"http:\/\/137.184.87.148\/wp-content\/uploads\/2020\/07\/Reporte-de-resultados-Ambulante-en-Casa.pdf\">Report Ambulante en Casa 2020<\/a><\/p>\n<h3 class=\"acordeon\">Prince Claus Award<\/h3>\n<p><a href=\"http:\/\/137.184.87.148\/wp-content\/uploads\/2019\/09\/BOLETIN-Ambulante-recibe-Premio-Principe-Claus.pdf\">Press Release. Ambulante receives Prince Claus award<\/a><\/p>\n<h3 class=\"acordeon\">Levantemos M\u00e9xico<\/h3>\n<p><a href=\"http:\/\/137.184.87.148\/wp-content\/uploads\/2019\/09\/BOLETIN-Ambulante-Reconstrucciones_VF-1.pdf\">Press Release of Reconstrucciones<\/a><br \/>\n<a href=\"http:\/\/137.184.87.148\/wp-content\/uploads\/2018\/09\/Comunicado-Ambulante-Levantemos-septiembre.pdf\">Media Release of Levantemos M\u00e9xico<\/a><br \/>\n<a href=\"http:\/\/137.184.87.148\/wp-content\/uploads\/2019\/09\/after_the_earthquake_reducido.pdf\">Narrative report &#8220;After the Earthquake&#8221;. Fondo Semillas<\/a><br \/>\n<a href=\"http:\/\/137.184.87.148\/wp-content\/uploads\/2020\/12\/Informe-final-Levantemos-Mexico-noviembre-2020.pdf\">Final Report of Levantemos M\u00e9xico<\/a><\/p>\n<h3 class=\"acordeon\">Ambulante <strong>Distribution 2019<\/strong><\/h3>\n<p><a href=\"http:\/\/137.184.87.148\/wp-content\/uploads\/2019\/09\/El-silencio-de-otros.zip\">Stills of <i>The silence of others<\/i><\/a><br \/>\n<a href=\"http:\/\/137.184.87.148\/wp-content\/uploads\/2019\/10\/BOLETIN-El-silencio-de-otros.pdf\">Press Release of <em>The silence of others<\/em><\/a><br \/>\n<a href=\"http:\/\/137.184.87.148\/wp-content\/uploads\/2019\/10\/Disparos.zip\">Stills of\u00a0<em>Disparos<\/em><\/a><br \/>\n<a href=\"http:\/\/137.184.87.148\/wp-content\/uploads\/2019\/11\/BOLETIN-Ambulante-distribuye-Disparos.pdf\">Press Release of\u00a0<em>Disparos<\/em><\/a><\/p>\n<h3 class=\"acordeon\">Ambulante Magazine<\/h3>\n<p><a href=\"http:\/\/137.184.87.148\/wp-content\/uploads\/2020\/07\/revista-ambulante_2020_digital.pdf\">La revista ambulante 2020<\/a><br \/>\n<a href=\"http:\/\/137.184.87.148\/wp-content\/uploads\/2019\/10\/REVISTA_2019-digital-ok.pdf\">La revista ambulante 2019<\/a><br \/>\n<a href=\"http:\/\/137.184.87.148\/wp-content\/uploads\/2018\/06\/Revista_Ambulante_2018_web.pdf\">La revista ambulante 2018<\/a><br \/>\n<a href=\"http:\/\/137.184.87.148\/wp-content\/uploads\/2018\/01\/REVISTA-AMBULANTE_WEB-min.pdf\">La revista ambulante 2017<\/a><\/p>\n<p><a href=\"http:\/\/137.184.87.148\/wp-content\/uploads\/2020\/03\/revista_soles-negros_digital.pdf\"><em>Soles Negros<\/em> magazine<\/a><\/p>\n<h3 class=\"acordeon\">Press Kits: Documentaries by\u00a0<strong>Ambulante Beyond<\/strong><\/h3>\n<p><a href=\"http:\/\/137.184.87.148\/wp-content\/uploads\/2018\/01\/GENTE-DE-MAR-Y-VIENTO-1.zip\">Gente de mar y viento (Dir. Ingrid Eunice Fabi\u00e1n Gonz\u00e1lez)<\/a><br \/>\n<a href=\"http:\/\/137.184.87.148\/wp-content\/uploads\/2018\/01\/Nkwinaya.zip\">Nkw\u00ed nay\u00e0 t\u00f3nko: compromiso de palabra (Dir. Ismael V\u00e1squez Bernab\u00e9)<\/a><br \/>\n<a href=\"http:\/\/137.184.87.148\/wp-content\/uploads\/2018\/01\/EL-OMBLIGO-DEL-COCOSHLE-.zip\">El ombligo del cocoshle (Dir. David Antonio Mart\u00ednez Pinacho)<\/a><br \/>\n<a href=\"http:\/\/137.184.87.148\/wp-content\/uploads\/2018\/01\/CHACAHUITA.zip\">Chacahuita (Dir. Juana Reyes D\u00edaz)<\/a><br \/>\n<a href=\"http:\/\/137.184.87.148\/wp-content\/uploads\/2018\/01\/PORTATE-BIEN-.zip\">P\u00f3rtate bien (Dir. Omar Zamudio)<\/a><br \/>\n<a href=\"http:\/\/137.184.87.148\/wp-content\/uploads\/2018\/01\/La-abogada-del-pueblo.zip\">La abogada del pueblo (Dir. Alan Villarreal)<\/a><br \/>\n<a href=\"http:\/\/137.184.87.148\/wp-content\/uploads\/2018\/01\/Katy-1.zip\">Katy (Dir. Brian Omar Res\u00e9ndiz Rodr\u00edguez)<\/a><br \/>\n<a href=\"http:\/\/137.184.87.148\/wp-content\/uploads\/2018\/01\/caricia.zip\">Caricia (Dir. David Montes Bernal)<\/a><br \/>\n<a href=\"http:\/\/137.184.87.148\/wp-content\/uploads\/2018\/01\/magdaopp.zip\">Magda o el pueblo de los pescados (Dirs. Dahlia Sosa Hern\u00e1ndez, Xareni Zafra Gatica)<\/a><\/p>\n<h3 class=\"acordeon\">Logos<\/h3>\n<p><a href=\"http:\/\/137.184.87.148\/wp-content\/uploads\/2019\/11\/LOGO_AMBULANTE-5.ai.zip\">Ambulante<\/a><br \/>\n<a href=\"http:\/\/137.184.87.148\/wp-content\/uploads\/2018\/01\/LOGO_AMA.ai\">Ambulante Beyond<\/a><br \/>\n<a href=\"http:\/\/137.184.87.148\/wp-content\/uploads\/2018\/01\/LOGO_AMBULANTE_PRESENTA.ai\">Ambulante Presenta<\/a><\/p>\n<h3 class=\"acordeon\">Catalogues<\/h3>\n<p><a href=\"http:\/\/137.184.87.148\/wp-content\/uploads\/2018\/01\/CAT2016.pdf\">2016<\/a><br \/>\n<a href=\"http:\/\/137.184.87.148\/wp-content\/uploads\/2020\/03\/catalogo-2015-digital.pdf\">2015<\/a><br \/>\n<a href=\"http:\/\/137.184.87.148\/wp-content\/uploads\/2020\/03\/Catalogo-2014_baja.pdf\">2014<\/a><br \/>\n<a href=\"http:\/\/137.184.87.148\/wp-content\/uploads\/2018\/01\/CAT2013.pdf\">2013<\/a><br \/>\n<a href=\"http:\/\/137.184.87.148\/wp-content\/uploads\/2018\/01\/CAT2012.pdf\">2012<\/a><br \/>\n<a href=\"http:\/\/137.184.87.148\/wp-content\/uploads\/2018\/01\/CAT2011.pdf\">2011<\/a><br \/>\n<a href=\"http:\/\/137.184.87.148\/wp-content\/uploads\/2018\/01\/CAT2010.pdf\">2010<\/a><br \/>\n<a href=\"http:\/\/137.184.87.148\/wp-content\/uploads\/2018\/01\/CAT2009.pdf\">2009<\/a><br \/>\n2008<br \/>\n<a href=\"http:\/\/137.184.87.148\/wp-content\/uploads\/2018\/01\/CAT2007.pdf\">2007<\/a><br \/>\n<a href=\"http:\/\/137.184.87.148\/wp-content\/uploads\/2018\/01\/CAT2006.pdf\">2006<\/a><\/p>","protected":false},"excerpt":{"rendered":"<p>**Friends from press and media, All the material for download on this section is in Spanish. If you need a specific material in English, please contact us at prensa@ambulante.org Thank you General Information Head of Communications Claudia Lizardo \/ cla@ambulante.org Head of Press Icunacury Acosta \/ prensa@ambulante.org Ambulante 2021 Press release Afrovisiones Press release La [&hellip;]<\/p>\n","protected":false},"author":21,"featured_media":16717,"parent":0,"menu_order":0,"comment_status":"closed","ping_status":"closed","template":"","meta":{"footnotes":""},"categories":[],"tags":[],"acf":[],"_links":{"self":[{"href":"http:\/\/137.184.87.148\/en\/wp-json\/wp\/v2\/pages\/1418"}],"collection":[{"href":"http:\/\/137.184.87.148\/en\/wp-json\/wp\/v2\/pages"}],"about":[{"href":"http:\/\/137.184.87.148\/en\/wp-json\/wp\/v2\/types\/page"}],"author":[{"embeddable":true,"href":"http:\/\/137.184.87.148\/en\/wp-json\/wp\/v2\/users\/21"}],"replies":[{"embeddable":true,"href":"http:\/\/137.184.87.148\/en\/wp-json\/wp\/v2\/comments?post=1418"}],"version-history":[{"count":247,"href":"http:\/\/137.184.87.148\/en\/wp-json\/wp\/v2\/pages\/1418\/revisions"}],"predecessor-version":[{"id":27495,"href":"http:\/\/137.184.87.148\/en\/wp-json\/wp\/v2\/pages\/1418\/revisions\/27495"}],"wp:featuredmedia":[{"embeddable":true,"href":"http:\/\/137.184.87.148\/en\/wp-json\/wp\/v2\/media\/16717"}],"wp:attachment":[{"href":"http:\/\/137.184.87.148\/en\/wp-json\/wp\/v2\/media?parent=1418"}],"wp:term":[{"taxonomy":"category","embeddable":true,"href":"http:\/\/137.184.87.148\/en\/wp-json\/wp\/v2\/categories?post=1418"},{"taxonomy":"post_tag","embeddable":true,"href":"http:\/\/137.184.87.148\/en\/wp-json\/wp\/v2\/tags?post=1418"}],"curies":[{"name":"wp","href":"https:\/\/api.w.org\/{rel}","templated":true}]}}