{"id":1359,"date":"2018-01-04T15:32:01","date_gmt":"2018-01-04T21:32:01","guid":{"rendered":"http:\/\/www.ambulante.org\/?page_id=1359"},"modified":"2023-08-23T23:01:39","modified_gmt":"2023-08-24T04:01:39","slug":"equipo","status":"publish","type":"page","link":"http:\/\/137.184.87.148\/en\/equipo\/","title":{"rendered":"Team"},"content":{"rendered":"<p><strong>This is the amazing AmbulanTeam!<\/strong><\/p>\n<p><strong>LEADERSHIP<\/strong><\/p>\n<p><strong>President<\/strong><\/p>\n<p>Gael Garc\u00eda Bernal<\/p>\n<p><strong>Vice President<\/strong><\/p>\n<p>Diego Luna<\/p>\n<p><strong>General Director<\/strong><\/p>\n<p>Paulina Su\u00e1rez<\/p>\n<p><strong>Operations Director<\/strong><\/p>\n<p>Roxana Alejo<\/p>\n<p><strong>ADMINISTRATION<\/strong><\/p>\n<p><strong>Administrative Manager<\/strong><\/p>\n<p>Fabiola Lemus Wong | flw@ambulante.org<\/p>\n<p>&nbsp;<\/p>\n<p><strong>PROGRAMMING<\/strong><\/p>\n<p><strong>Programming Director<\/strong><\/p>\n<p>Meghan Monsour | mkm@ambulante.org<\/p>\n<p><strong>Programmmers<\/strong><\/p>\n<p>Itzel Mart\u00ednez del Ca\u00f1izo<\/p>\n<p>Antonio Ziri\u00f3n<\/p>\n<p><strong>Programming Coordinator<\/strong><\/p>\n<p>Blanmi N\u00fa\u00f1ez | bnt@ambulante.org<\/p>\n<p><strong>Programming Logistics Coordinator<\/strong><\/p>\n<p>Javier Fortis\u00a0| prog@ambulante.org<\/p>\n<p>&nbsp;<\/p>\n<p><strong>TRAINING AND PRODUCTION<\/strong><\/p>\n<p><strong>Training and Production Director<\/strong><\/p>\n<p>Mar\u00eda In\u00e9s Roqu\u00e9 | mir@ambulante.org<\/p>\n<p><strong>Head of Training and Production<\/strong><\/p>\n<p>Yareni Vel\u00e1zquez | yvm@ambulante.org<\/p>\n<p><strong>Training and Production Logistics Coordinator<\/strong><\/p>\n<p>Jorge \u00c1ngel Per\u00e9z | jap@ambulante.org<\/p>\n<p><strong>Postproduction Coordinator<\/strong><\/p>\n<p>Aldo Ter-Veen Calder\u00f3n | atc@ambulante.org<\/p>\n<p><strong>\u00a0<\/strong><\/p>\n<p><strong>ALLIANCES AND SPONSORSHIPS<\/strong><\/p>\n<p><strong>Fund Raising and Sponsorships Coordinator<\/strong><\/p>\n<p>Alejandra Garc\u00eda | agr@ambulante.org<\/p>\n<p><strong>\u00a0<\/strong><\/p>\n<p><strong>COMMUNICATIONS<\/strong><\/p>\n<p><strong>Head of Communications<\/strong><\/p>\n<p>Claudia Lizardo | cla@ambulante.org<\/p>\n<p><strong>Editor\u00a0<\/strong><\/p>\n<p>Magaly Olivera | editorial@ambulante.org<\/p>\n<p><strong>Graphic Designer\u00a0<\/strong><\/p>\n<p>Dania Hermida | grafico@ambulante.org<\/p>\n<p><strong>Social Media and digital manager<\/strong><\/p>\n<p>Natalia Lecuona | gnlm@ambulante.org<\/p>\n<p><strong>Head of Press\u00a0<\/strong><\/p>\n<p>Icunacury Acosta | prensa@ambulante.org<\/p>\n<p><strong>\u00a0<\/strong><\/p>\n<p><strong>PRODUCTION<\/strong><\/p>\n<p><strong>Head of Production<\/strong><\/p>\n<p>Xochitl S\u00e1nchez | xsg@ambulante.org<\/p>\n<p><strong>\u00a0<\/strong><\/p>\n<p><strong>AUDIOVISUAL<\/strong><\/p>\n<p><strong>HEAD OF AUDIOVISUAL<\/strong><\/p>\n<p>Fernando de la Rosa | farc@ambulante.org<\/p>\n<p><strong>AUDIOVISUAL ASSISTANTS<\/strong><\/p>\n<p>Jorge Luis P\u00e9rez | jlpa@ambulante.org<\/p>","protected":false},"excerpt":{"rendered":"<p>This is the amazing AmbulanTeam! LEADERSHIP President Gael Garc\u00eda Bernal Vice President Diego Luna General Director Paulina Su\u00e1rez Operations Director Roxana Alejo ADMINISTRATION Administrative Manager Fabiola Lemus Wong | flw@ambulante.org &nbsp; PROGRAMMING Programming Director Meghan Monsour | mkm@ambulante.org Programmmers Itzel Mart\u00ednez del Ca\u00f1izo Antonio Ziri\u00f3n Programming Coordinator Blanmi N\u00fa\u00f1ez | bnt@ambulante.org Programming Logistics Coordinator Javier [&hellip;]<\/p>\n","protected":false},"author":21,"featured_media":21370,"parent":0,"menu_order":0,"comment_status":"closed","ping_status":"closed","template":"","meta":{"footnotes":""},"categories":[],"tags":[],"acf":[],"_links":{"self":[{"href":"http:\/\/137.184.87.148\/en\/wp-json\/wp\/v2\/pages\/1359"}],"collection":[{"href":"http:\/\/137.184.87.148\/en\/wp-json\/wp\/v2\/pages"}],"about":[{"href":"http:\/\/137.184.87.148\/en\/wp-json\/wp\/v2\/types\/page"}],"author":[{"embeddable":true,"href":"http:\/\/137.184.87.148\/en\/wp-json\/wp\/v2\/users\/21"}],"replies":[{"embeddable":true,"href":"http:\/\/137.184.87.148\/en\/wp-json\/wp\/v2\/comments?post=1359"}],"version-history":[{"count":43,"href":"http:\/\/137.184.87.148\/en\/wp-json\/wp\/v2\/pages\/1359\/revisions"}],"predecessor-version":[{"id":27638,"href":"http:\/\/137.184.87.148\/en\/wp-json\/wp\/v2\/pages\/1359\/revisions\/27638"}],"wp:featuredmedia":[{"embeddable":true,"href":"http:\/\/137.184.87.148\/en\/wp-json\/wp\/v2\/media\/21370"}],"wp:attachment":[{"href":"http:\/\/137.184.87.148\/en\/wp-json\/wp\/v2\/media?parent=1359"}],"wp:term":[{"taxonomy":"category","embeddable":true,"href":"http:\/\/137.184.87.148\/en\/wp-json\/wp\/v2\/categories?post=1359"},{"taxonomy":"post_tag","embeddable":true,"href":"http:\/\/137.184.87.148\/en\/wp-json\/wp\/v2\/tags?post=1359"}],"curies":[{"name":"wp","href":"https:\/\/api.w.org\/{rel}","templated":true}]}}