{"id":1014,"date":"2017-02-24T12:43:55","date_gmt":"2017-02-24T18:43:55","guid":{"rendered":"http:\/\/www.ambulante.org\/?page_id=1014"},"modified":"2022-01-21T09:55:03","modified_gmt":"2022-01-21T15:55:03","slug":"publicaciones","status":"publish","type":"page","link":"http:\/\/137.184.87.148\/en\/publicaciones\/","title":{"rendered":"Ambulante Publishing"},"content":{"rendered":"<p>The creation of <strong>Ambulante Ediciones<\/strong> responds to an inescapable fact: <strong>the printed word is also a powerful tool for promoting social and cultural change. <\/strong>Since the beginning\u00a0Ambulante has been aware of this, and now formalizes it under this label, whose mission is to expand the constellation of subjects, journeys and discussions already created by the festival. The aim is to publish essential woks that expand documentary cinema culture and open new spaces for reflection with our audience. From silent reading to public debate, Ambulante Ediciones also offers a chance to discover, share and transform ideas.<\/p>\n<blockquote><p>\u201cI am very glad to see the way Ambulante broadens its horizons and ventures into publishing books,\u201d shares <strong>Gael Garc\u00eda Bernal<\/strong>.<\/p><\/blockquote>\n<h2>Film as a subversive art<\/h2>\n<p><em>Film as a Subversive Art<\/em>, by curator and film critic Amos Vogel, was originally published in 1974. It is an essential work for the history of cinema, in which the author historically revises the seventh art in light of the concept of subversion. Amos Vogel was an essential benchmark in the history of avant-garde cinema, the art of curatorship, film societies and the alternative circuit of exhibition and display <strong>Cinema 16<\/strong> in New York, which he ran from 1947 to 1963, and through which he imbued part of the New York society into transgressive and revealing film experiences.<\/p>\n<p><a href=\"http:\/\/137.184.87.148\/wp-content\/uploads\/2017\/02\/LIBRO_VOGEL-3.jpg\"><img loading=\"lazy\" decoding=\"async\" class=\"aligncenter wp-image-1275\" src=\"http:\/\/137.184.87.148\/wp-content\/uploads\/2017\/02\/LIBRO_VOGEL-3-1024x460.jpg\" width=\"500\" height=\"225\" \/><\/a><\/p>\n<p>The book analyzes how those who subvert ideology, aesthetics and sexuality use one of the most powerful artistic forms of our time to transform or manipulate our conscious and unconscious minds, to demystify taboos and to modify the existing and institutional values. This subversion of form and content is analyzed within the context of the world of science, philosophy and modern art. The book counts with both critical and historical value and is meaningful in that it is created amidst a unique intertwining of genres, such as film critic, historical reflection and literary essay. In addition to addressing the subject through a central text developed throughout the book, the work presents micro-essays analyzing hundreds of films\u2013including censored, barely shown or never-seen-before titles\u2014thus building, in the heart of a historical essay about film as an art form, a curatorial archive on its most relevant elements. Each chapter is widely illustrated with more than 300 frames of films including a brief but analytical comment.<\/p>\n<p>&nbsp;<\/p>\n<p style=\"text-align: center;\"><a href=\"http:\/\/kichink.com\/stores\/ambulante\/\"><button class=\"btn btn-default btn-lg btn-block\" type=\"button\">Purchase this book online and get it at your door<\/button><\/a><\/p>\n<p>&nbsp;<\/p>\n<h2>Chris Marker Inmemoria<\/h2>\n<p>A collection of essays on the work of French filmmaker Chris Marker, star of Ambulante\u2019s 2013 section <em>Retrospectiva<\/em>\u2014<em>Chris<\/em> <em>Marker Inmemoria<\/em> is a unique compilation in which filmmakers, critics, researchers and curators collaborate, and which adds to the few books of essays in Spanish about Chris Marker, in addition to including the <strong>original text <em>Soy M\u00e9xico<\/em><\/strong> <strong>(\u201cI am Mexico\u201d)<\/strong> written by the filmmaker himself. This book was co-published by Ambulante Ediciones, Cineteca Nacional and the French Embassy in Mexico. <em>Chris Marker Inmemoria<\/em> counts with the participation of Nora Alter, Jos\u00e9 Carlos Avellar, Carlos Bonfil, David \u010cen\u011bk, Jem Cohen, Mark Cousins, Kristian Feigelson, Jean-Michel Frodon, Guillermo G. Peydr\u00f3, Patricio Guzm\u00e1n, Bill Horrigan, Isaki Lacuesta, Eric Le Roy, Viva Paci, Richard Pe\u00f1a, Murray Pomerance, Catherine Russell, Trevor Stark and Chris Marker. The book is offered <strong>for sale<\/strong> at Cineteca Nacional, the Educal bookstores, Cine Tonal\u00e1 (Mexico City), \u00c1goras (Saltillo), La Venturosa, La Proveedora Escola, La J\u00edcara (Oaxaca), Prof\u00e9tica (Puebla), and through the facebook page of Cinema Xalapa (Xalapa).<\/p>\n<p style=\"text-align: justify;\"><a href=\"http:\/\/137.184.87.148\/wp-content\/uploads\/2017\/02\/Screen-Shot-2017-02-27-at-12.53.40-PM.png\"><img loading=\"lazy\" decoding=\"async\" class=\"aligncenter wp-image-1272\" src=\"http:\/\/137.184.87.148\/wp-content\/uploads\/2017\/02\/Screen-Shot-2017-02-27-at-12.53.40-PM-1024x695.png\" width=\"501\" height=\"340\" \/><\/a><\/p>\n<p>The collaborators freely chose the approach and subject of their texts, so this book constitutes the reflection of their preferences, interests and obsessions in regard to Marker\u2019s work\u2014thus \u201cinhabiting\u201d the Markerian zone, sharing their itineraries and creating a context that allows to appreciate the work of this leading film figure: from the singularity of his understanding of politics and his participation in militant cinema (Carlos Bonfil, Trevor Stark, Patricio Guzm\u00e1n, Jean-Michel Frodon), to his lucid ability to spark a dialogue between history and memory, facts and fiction (Jos\u00e9 Carlos Avellar, Viva Paci, Isaki Lacuesta, Guillermo G. Peydr\u00f3), up to his trips to the Soviet Union (Russia) and Czechoslovakia (Czech Republic), offering the opportunity to discover solidarity and creativity bonds (Kristian Feigelson and David Cenek). The book\u2014whose architecture responds not only to the polyphony of viewpoints but also to Marker\u2019s work, so diverse in forms and means\u2014includes texts by the following authors: Nora Alter, Jos\u00e9 Carlos Avellar, Carlos Bonfil, David \u010cen\u011bk, Jem Cohen, Mark Cousins, Kristian Feigelson, Jean-Michel Frodon, Guillermo G. Peydr\u00f3, Patricio Guzm\u00e1n, Bill Horrigan, Isaki Lacuesta, Eric Le Roy, Viva Paci, Richard Pe\u00f1a, Murray Pomerance, Catherine Russell, Trevor Stark and Chris Marker.<\/p>\n<h2><\/h2>\n<p><\/p>","protected":false},"excerpt":{"rendered":"<p>The creation of Ambulante Ediciones responds to an inescapable fact: the printed word is also a powerful tool for promoting social and cultural change. Since the beginning\u00a0Ambulante has been aware of this, and now formalizes it under this label, whose mission is to expand the constellation of subjects, journeys and discussions already created by the [&hellip;]<\/p>\n","protected":false},"author":21,"featured_media":23883,"parent":0,"menu_order":0,"comment_status":"closed","ping_status":"closed","template":"","meta":{"footnotes":""},"categories":[],"tags":[],"acf":[],"_links":{"self":[{"href":"http:\/\/137.184.87.148\/en\/wp-json\/wp\/v2\/pages\/1014"}],"collection":[{"href":"http:\/\/137.184.87.148\/en\/wp-json\/wp\/v2\/pages"}],"about":[{"href":"http:\/\/137.184.87.148\/en\/wp-json\/wp\/v2\/types\/page"}],"author":[{"embeddable":true,"href":"http:\/\/137.184.87.148\/en\/wp-json\/wp\/v2\/users\/21"}],"replies":[{"embeddable":true,"href":"http:\/\/137.184.87.148\/en\/wp-json\/wp\/v2\/comments?post=1014"}],"version-history":[{"count":4,"href":"http:\/\/137.184.87.148\/en\/wp-json\/wp\/v2\/pages\/1014\/revisions"}],"predecessor-version":[{"id":23882,"href":"http:\/\/137.184.87.148\/en\/wp-json\/wp\/v2\/pages\/1014\/revisions\/23882"}],"wp:featuredmedia":[{"embeddable":true,"href":"http:\/\/137.184.87.148\/en\/wp-json\/wp\/v2\/media\/23883"}],"wp:attachment":[{"href":"http:\/\/137.184.87.148\/en\/wp-json\/wp\/v2\/media?parent=1014"}],"wp:term":[{"taxonomy":"category","embeddable":true,"href":"http:\/\/137.184.87.148\/en\/wp-json\/wp\/v2\/categories?post=1014"},{"taxonomy":"post_tag","embeddable":true,"href":"http:\/\/137.184.87.148\/en\/wp-json\/wp\/v2\/tags?post=1014"}],"curies":[{"name":"wp","href":"https:\/\/api.w.org\/{rel}","templated":true}]}}